{"id":31913,"date":"2024-03-21T13:57:55","date_gmt":"2024-03-21T12:57:55","guid":{"rendered":"https:\/\/zeroedge.ch\/privacy-policy\/"},"modified":"2025-03-18T17:27:45","modified_gmt":"2025-03-18T16:27:45","slug":"privacy-policy","status":"publish","type":"page","link":"https:\/\/zeroedge.ch\/it\/privacy-policy\/","title":{"rendered":"Privacy Policy"},"content":{"rendered":"\t\t<div data-elementor-type=\"wp-page\" data-elementor-id=\"31913\" class=\"elementor elementor-31913 elementor-31098\" data-elementor-post-type=\"page\">\n\t\t\t\t<div class=\"elementor-element elementor-element-5075d29 e-flex e-con-boxed e-con e-parent\" data-id=\"5075d29\" data-element_type=\"container\">\n\t\t\t\t\t<div class=\"e-con-inner\">\n\t\t\t\t<div class=\"elementor-element elementor-element-64973db elementor-widget elementor-widget-heading\" data-id=\"64973db\" data-element_type=\"widget\" data-widget_type=\"heading.default\">\n\t\t\t\t<div class=\"elementor-widget-container\">\n\t\t\t\t\t<h3 class=\"elementor-heading-title elementor-size-default\">Documento informativo sui trattamenti di dati personali<\/h3>\t\t\t\t<\/div>\n\t\t\t\t<\/div>\n\t\t\t\t<div class=\"elementor-element elementor-element-07106c8 elementor-widget elementor-widget-text-editor\" data-id=\"07106c8\" data-element_type=\"widget\" data-widget_type=\"text-editor.default\">\n\t\t\t\t<div class=\"elementor-widget-container\">\n\t\t\t\t\t\t\t\t\t<p>La tua sfera privata per noi \u00e8 importante e ci impegniamo ad essere sempre aperti e trasparenti per tutto ci\u00f2 che concerne le modalit\u00e0 di trattamento dei dati dei nostri clienti. La presente Dichiarazione di protezione dati spiega quali dati personali raccogliamo, perch\u00e9 li raccogliamo e come li trattiamo. Ti spieghiamo anche come puoi controllare, rettificare o rimuovere i dati personali, nell\u2019eventualit\u00e0 che tu lo desideri. Raccogliamo i dati personali per offrirti servizi migliori: ad esempio per ottimizzare i nostri negozi, orientare l\u2019offerta dei nostri prodotti alle esigenze della clientela, per personalizzare la comunicazione e le offerte destinate a quest\u2019ultima. In tal modo, puoi scoprire ci\u00f2 che pi\u00f9 rientra nei tuoi interessi e ricevere meno pubblicit\u00e0. Raccogliendo i dati personali, possiamo semplificare le operazioni durante l\u2019acquisto o i servizi per i clienti, affinch\u00e9 tu possa arrivare prima al tuo obiettivo.<\/p><p><strong>Chi \u00e8 responsabile?<\/strong><\/p><p><strong>INN-TECH UP SAGL, Via Maestri Comacini 8, CH-6830 Chiasso, Switzerland<\/strong> risponde della raccolta e del trattamento dei tuoi dati personali in Svizzera.<\/p><p><strong>Dati personali che raccogliamo<\/strong><\/p><p>Raccogliamo e trattiamo dati personali in numerose situazioni e per varie finalit\u00e0. Quando visiti il nostro sito Internet, contatti il nostro servizio clienti o comunichi con noi utilizzando uno dei qualsiasi canali disponibili, raccogliamo informazioni per migliorare il servizio che ti offriamo.<\/p><p>Otteniamo informazioni anche da terzi. In tutti i casi, i dati ottenuti da terzi vengono trattati con la stessa cautela e sicurezza degli altri dati da noi gestiti.<\/p><p>Se decidi di non fornire certi dati personali da noi richiesti, \u00e8 possibile che tu non riesca ad accedere a tutte le sezioni del sito Internet. Inoltre, per noi potrebbe non essere possibile rispondere alle tue richieste o fornirti alcuni servizi.<\/p><p>I dati che raccogliamo dipendono dai dati necessari per fornire un servizio specifico.<\/p><p><strong>Per quanto tempo conserviamo i tuoi dati personali?<\/strong><\/p><p>Conserviamo i tuoi dati personali fintanto che lo riterremo necessario o opportuno nel rispetto delle leggi vigenti, oppure fino a quando sar\u00e0 necessario al perseguimento degli scopi per i quali sono stati raccolti.<\/p><p>I tuoi dati personali saranno eliminati nel momento in cui non saranno pi\u00f9 necessari.<\/p><p><strong>Come utilizziamo i dati personali?<\/strong><\/p><p>Utilizziamo i dati personali che ci hai fornito o che abbiamo raccolto per offrirti il miglior servizio o la migliore esperienza possibile durante la ricerca o durante il contatto con il servizio clienti. Utilizziamo i dati anche per analizzare il comportamento del cliente al fine di ottimizzare il sito, il materiale e le attivit\u00e0 di marketing.<\/p><p>Possiamo trattare i tuoi dati personali per una o pi\u00f9 delle seguenti finalit\u00e0:<\/p><ul><li>Prodotti e servizi per i clienti;<\/li><li>Comunicazione con i clienti;<\/li><li>Concorsi e organizzazione di eventi;<\/li><li>Analisi del comportamento dei clienti;<\/li><li>Marketing diretto.<\/li><\/ul><p>Per tutti i tipi di trattamento, ci assicuriamo di definire una finalit\u00e0 ben precisa e di stabilire una base legale per il trattamento dei tuoi dati.<\/p><p><strong>Condivisione dei dati personali<\/strong><\/p><p>In alcuni casi, forniamo i tuoi dati a terzi. Tuttavia, non vendiamo mai a terzi i tuoi dati personali. Quando lavoriamo con aziende esterne che forniscono servizi in cui hanno bisogno di trattare dati personali, questi potrebbero utilizzare i tuoi dati per gli scopi specificati da <strong>INN-TECH UP SAGL<\/strong>. Non possono, pertanto, utilizzare questi dati per finalit\u00e0 proprie o trasmettere i dati a terzi. \u00c8 anche possibile che ci venga chiesto per legge di divulgare i tuoi dati alle autorit\u00e0 o terze parti. In ogni caso, divulgheremo solo dati personali stabiliti dalla legge.<\/p><p>Quando ci avvaliamo di fornitori di servizi di pagamento esterni, forniamo talvolta informazioni in merito allo storico dei pagamenti, oltre ai dati personali necessari per terminare l\u2019acquisto. Come altri terzi, i fornitori di servizi di pagamento esterni sono autorizzati a utilizzare i dati personali soltanto per gli scopi definiti nella presente dichiarazione di protezione dei dati.<\/p><p>Possiamo trasmettere i tuoi dati personali ad altre societ\u00e0 di <strong>INN-TECH UP SAGL<\/strong> per le finalit\u00e0 menzionate nella presente dichiarazione di protezione dei dati. Le suddette societ\u00e0 possono utilizzare i tuoi dati nel loro interesse per le stesse nostre finalit\u00e0. In particolar modo, le societ\u00e0 di <strong>INN-TECH UP SAGL<\/strong> possono trattare i dati per effettuare analisi individualizzate e personalizzate sul comportamento del\/della cliente e per le attivit\u00e0 di marketing diretto nel proprio interesse. I collaboratori di <strong>INN-TECH UP SAGL<\/strong> sono autorizzati ad accedere ai tuoi dati personali solo nella misura necessaria per adempiere ai loro doveri professionali.<\/p><p>Se un fornitore di servizi risiede in Paesi in cui la legislazione applicabile non prevede una protezione dei dati personali equivalente alla legge svizzera, <strong>INN-TECH UP SAGL<\/strong> imporr\u00e0 in qualsiasi caso al fornitore di servizi di rispettare le norme e gli obblighi stabiliti dalla legge svizzera.<\/p><p>Inoltre, possiamo trasmettere i tuoi dati personali nel caso in cui lo riteniamo necessario per il rispetto delle vigenti leggi e prescrizioni, in caso di procedimenti giudiziari, su richiesta dei tribunali e delle autorit\u00e0 competenti o in virt\u00f9 di altri obblighi legali al fine di tutelare e difendere i nostri diritti o i nostri beni.<\/p><p><strong>Garanzia di protezione dei dati personali<\/strong><\/p><p>Disponiamo di provvedimenti tecnici e organizzativi adeguati per garantire la riservatezza e l\u2019integrit\u00e0 dei tuoi dati personali. Proteggiamo i tuoi dati personali da distruzioni non autorizzate o accidentali, perdita accidentale, errori tecnici, falsificazione, furto o uso indebito e da modifiche, copie, accesso o altri trattamenti non autorizzati.<\/p><p>Dovresti per\u00f2 essere consapevole del fatto che la trasmissione di informazioni tramite Internet o altri mezzi elettronici implica inevitabilmente rischi e che pertanto non possiamo fornire alcuna garanzia per quanto riguarda la sicurezza delle informazioni a noi trasmesse attraverso questi canali.<\/p><p><strong>Accesso ai tuoi dati, rettifica e cancellazione<\/strong><\/p><p>Hai il diritto di richiedere una copia delle informazioni che in nostro possesso sulla tua persona. Se desideri una copia di alcune o di tutti i tuoi dati personali, puoi contattarci ai recapiti riportati in fondo.<\/p><p>Se un\u2019informazione \u00e8 errata, provvederemo ad aggiornarla su tua richiesta.<\/p><p>Puoi anche richiedere di cancellare i tuoi dati e di non usarli pi\u00f9. Se hai acconsentito alluso dei tuoi dati, puoi revocare tale consenso. Tuttavia, potremmo essere tenuti a memorizzare dati per i quali hai revocato il consenso.<\/p><p>Tieni presente che la cancellazione dei tuoi dati potrebbe limitarci nell\u2019offrirti alcuni servizi concernenti i nostri prodotti, ad esempio prova della garanzia.<\/p><p><strong>Reclami e autorit\u00e0 di controllo<\/strong><\/p><p>Se hai l\u2019impressione che abbiamo trattato i tuoi dati personali in maniera impropria, puoi contattarci in qualsiasi momento. L\u2019incaricato federale della protezione dei dati e della trasparenza (\u00abIFPDT\u00bb) \u00e8 responsabile dell\u2019applicazione della legge e del controllo concernenti la protezione dei dati in Svizzera. Anche i reclami possono essere presentati all\u2019incaricato. I recapiti dell\u2019IFPDT sono disponibili <a href=\"https:\/\/www.edoeb.admin.ch\/edoeb\/it\/home\/der-edoeb\/kontakt.html\">qui <\/a>o al numero di telefono +41 (0)58 462 43 95.<\/p><p>\u00a0<\/p><p><strong>Come contattarci<\/strong><\/p><p>Se hai domande sulla nostra Dichiarazione della protezione dei dati o sui tuoi dati personali in nostro possesso, puoi contattarci:<\/p><p>Scrivere a:<\/p><p><strong>INN-TECH UP SAGL<br \/>Via Maestri Comacini, 8<br \/>CH-6830 Chiasso<br \/>Switzerland<\/strong><\/p><p>\u00a0<\/p><p><strong>Aggiornamento della dichiarazione di protezione dei dati<\/strong><\/p><p>A nostra discrezione e senza preavviso possiamo di tanto in tanto aggiornare, modificare, integrare o rielaborare in altro modo la presente dichiarazione di protezione dei dati. Ne consegue che i tuoi dati personali da noi raccolti precedentemente possano essere trattati diversamente. Ti consigliamo di verificare regolarmente se la nostra dichiarazione di protezione dei dati \u00e8 stata aggiornata.<\/p>\t\t\t\t\t\t\t\t<\/div>\n\t\t\t\t<\/div>\n\t\t\t\t\t<\/div>\n\t\t\t\t<\/div>\n\t\t\t\t<\/div>\n\t\t","protected":false},"excerpt":{"rendered":"<p>Documento informativo sui trattamenti di dati personali La tua sfera privata per noi \u00e8 importante e ci impegniamo ad essere sempre aperti e trasparenti per tutto ci\u00f2 che concerne le modalit\u00e0 di trattamento dei dati dei nostri clienti. La presente Dichiarazione di protezione dati spiega quali dati personali raccogliamo, perch\u00e9 li raccogliamo e come li [&hellip;]<\/p>\n","protected":false},"author":1,"featured_media":0,"parent":0,"menu_order":0,"comment_status":"closed","ping_status":"closed","template":"","meta":{"inline_featured_image":false,"_monsterinsights_skip_tracking":false,"_monsterinsights_sitenote_active":false,"_monsterinsights_sitenote_note":"","_monsterinsights_sitenote_category":0,"footnotes":""},"class_list":["post-31913","page","type-page","status-publish","hentry"],"yoast_head":"<!-- This site is optimized with the Yoast SEO plugin v26.0 - https:\/\/yoast.com\/wordpress\/plugins\/seo\/ -->\n<title>Privacy Policy - Zeroedge<\/title>\n<meta name=\"robots\" content=\"index, follow, max-snippet:-1, max-image-preview:large, max-video-preview:-1\" \/>\n<link rel=\"canonical\" href=\"https:\/\/zeroedge.ch\/it\/privacy-policy\/\" \/>\n<meta property=\"og:locale\" content=\"it_IT\" \/>\n<meta property=\"og:type\" content=\"article\" \/>\n<meta property=\"og:title\" content=\"Privacy Policy - Zeroedge\" \/>\n<meta property=\"og:description\" content=\"Documento informativo sui trattamenti di dati personali La tua sfera privata per noi \u00e8 importante e ci impegniamo ad essere sempre aperti e trasparenti per tutto ci\u00f2 che concerne le modalit\u00e0 di trattamento dei dati dei nostri clienti. La presente Dichiarazione di protezione dati spiega quali dati personali raccogliamo, perch\u00e9 li raccogliamo e come li [&hellip;]\" \/>\n<meta property=\"og:url\" content=\"https:\/\/zeroedge.ch\/it\/privacy-policy\/\" \/>\n<meta property=\"og:site_name\" content=\"Zeroedge\" \/>\n<meta property=\"article:publisher\" content=\"https:\/\/www.facebook.com\/profile.php?id=100085177954404\" \/>\n<meta property=\"article:modified_time\" content=\"2025-03-18T16:27:45+00:00\" \/>\n<meta name=\"twitter:card\" content=\"summary_large_image\" \/>\n<meta name=\"twitter:label1\" content=\"Tempo di lettura stimato\" \/>\n\t<meta name=\"twitter:data1\" content=\"7 minuti\" \/>\n<script type=\"application\/ld+json\" class=\"yoast-schema-graph\">{\"@context\":\"https:\/\/schema.org\",\"@graph\":[{\"@type\":\"WebPage\",\"@id\":\"https:\/\/zeroedge.ch\/it\/privacy-policy\/\",\"url\":\"https:\/\/zeroedge.ch\/it\/privacy-policy\/\",\"name\":\"Privacy Policy - Zeroedge\",\"isPartOf\":{\"@id\":\"https:\/\/zeroedge.ch\/it\/#website\"},\"datePublished\":\"2024-03-21T12:57:55+00:00\",\"dateModified\":\"2025-03-18T16:27:45+00:00\",\"breadcrumb\":{\"@id\":\"https:\/\/zeroedge.ch\/it\/privacy-policy\/#breadcrumb\"},\"inLanguage\":\"it-IT\",\"potentialAction\":[{\"@type\":\"ReadAction\",\"target\":[\"https:\/\/zeroedge.ch\/it\/privacy-policy\/\"]}]},{\"@type\":\"BreadcrumbList\",\"@id\":\"https:\/\/zeroedge.ch\/it\/privacy-policy\/#breadcrumb\",\"itemListElement\":[{\"@type\":\"ListItem\",\"position\":1,\"name\":\"Home\",\"item\":\"https:\/\/zeroedge.ch\/it\/\"},{\"@type\":\"ListItem\",\"position\":2,\"name\":\"Privacy Policy\"}]},{\"@type\":\"WebSite\",\"@id\":\"https:\/\/zeroedge.ch\/it\/#website\",\"url\":\"https:\/\/zeroedge.ch\/it\/\",\"name\":\"Zeroedge\",\"description\":\"\",\"publisher\":{\"@id\":\"https:\/\/zeroedge.ch\/it\/#organization\"},\"potentialAction\":[{\"@type\":\"SearchAction\",\"target\":{\"@type\":\"EntryPoint\",\"urlTemplate\":\"https:\/\/zeroedge.ch\/it\/?s={search_term_string}\"},\"query-input\":{\"@type\":\"PropertyValueSpecification\",\"valueRequired\":true,\"valueName\":\"search_term_string\"}}],\"inLanguage\":\"it-IT\"},{\"@type\":\"Organization\",\"@id\":\"https:\/\/zeroedge.ch\/it\/#organization\",\"name\":\"Zeroedge\",\"url\":\"https:\/\/zeroedge.ch\/it\/\",\"logo\":{\"@type\":\"ImageObject\",\"inLanguage\":\"it-IT\",\"@id\":\"https:\/\/zeroedge.ch\/it\/#\/schema\/logo\/image\/\",\"url\":\"https:\/\/zeroedge.ch\/wp-content\/uploads\/2023\/12\/cropped-Logo-Zeroedge_trasparent_v.1.1.png\",\"contentUrl\":\"https:\/\/zeroedge.ch\/wp-content\/uploads\/2023\/12\/cropped-Logo-Zeroedge_trasparent_v.1.1.png\",\"width\":1080,\"height\":196,\"caption\":\"Zeroedge\"},\"image\":{\"@id\":\"https:\/\/zeroedge.ch\/it\/#\/schema\/logo\/image\/\"},\"sameAs\":[\"https:\/\/www.facebook.com\/profile.php?id=100085177954404\",\"https:\/\/www.linkedin.com\/company\/inntechch\/\",\"https:\/\/www.instagram.com\/_inn.tech_\/\",\"https:\/\/www.youtube.com\/@Inn-TechUpSagl\"]}]}<\/script>\n<!-- \/ Yoast SEO plugin. -->","yoast_head_json":{"title":"Privacy Policy - Zeroedge","robots":{"index":"index","follow":"follow","max-snippet":"max-snippet:-1","max-image-preview":"max-image-preview:large","max-video-preview":"max-video-preview:-1"},"canonical":"https:\/\/zeroedge.ch\/it\/privacy-policy\/","og_locale":"it_IT","og_type":"article","og_title":"Privacy Policy - Zeroedge","og_description":"Documento informativo sui trattamenti di dati personali La tua sfera privata per noi \u00e8 importante e ci impegniamo ad essere sempre aperti e trasparenti per tutto ci\u00f2 che concerne le modalit\u00e0 di trattamento dei dati dei nostri clienti. La presente Dichiarazione di protezione dati spiega quali dati personali raccogliamo, perch\u00e9 li raccogliamo e come li [&hellip;]","og_url":"https:\/\/zeroedge.ch\/it\/privacy-policy\/","og_site_name":"Zeroedge","article_publisher":"https:\/\/www.facebook.com\/profile.php?id=100085177954404","article_modified_time":"2025-03-18T16:27:45+00:00","twitter_card":"summary_large_image","twitter_misc":{"Tempo di lettura stimato":"7 minuti"},"schema":{"@context":"https:\/\/schema.org","@graph":[{"@type":"WebPage","@id":"https:\/\/zeroedge.ch\/it\/privacy-policy\/","url":"https:\/\/zeroedge.ch\/it\/privacy-policy\/","name":"Privacy Policy - Zeroedge","isPartOf":{"@id":"https:\/\/zeroedge.ch\/it\/#website"},"datePublished":"2024-03-21T12:57:55+00:00","dateModified":"2025-03-18T16:27:45+00:00","breadcrumb":{"@id":"https:\/\/zeroedge.ch\/it\/privacy-policy\/#breadcrumb"},"inLanguage":"it-IT","potentialAction":[{"@type":"ReadAction","target":["https:\/\/zeroedge.ch\/it\/privacy-policy\/"]}]},{"@type":"BreadcrumbList","@id":"https:\/\/zeroedge.ch\/it\/privacy-policy\/#breadcrumb","itemListElement":[{"@type":"ListItem","position":1,"name":"Home","item":"https:\/\/zeroedge.ch\/it\/"},{"@type":"ListItem","position":2,"name":"Privacy Policy"}]},{"@type":"WebSite","@id":"https:\/\/zeroedge.ch\/it\/#website","url":"https:\/\/zeroedge.ch\/it\/","name":"Zeroedge","description":"","publisher":{"@id":"https:\/\/zeroedge.ch\/it\/#organization"},"potentialAction":[{"@type":"SearchAction","target":{"@type":"EntryPoint","urlTemplate":"https:\/\/zeroedge.ch\/it\/?s={search_term_string}"},"query-input":{"@type":"PropertyValueSpecification","valueRequired":true,"valueName":"search_term_string"}}],"inLanguage":"it-IT"},{"@type":"Organization","@id":"https:\/\/zeroedge.ch\/it\/#organization","name":"Zeroedge","url":"https:\/\/zeroedge.ch\/it\/","logo":{"@type":"ImageObject","inLanguage":"it-IT","@id":"https:\/\/zeroedge.ch\/it\/#\/schema\/logo\/image\/","url":"https:\/\/zeroedge.ch\/wp-content\/uploads\/2023\/12\/cropped-Logo-Zeroedge_trasparent_v.1.1.png","contentUrl":"https:\/\/zeroedge.ch\/wp-content\/uploads\/2023\/12\/cropped-Logo-Zeroedge_trasparent_v.1.1.png","width":1080,"height":196,"caption":"Zeroedge"},"image":{"@id":"https:\/\/zeroedge.ch\/it\/#\/schema\/logo\/image\/"},"sameAs":["https:\/\/www.facebook.com\/profile.php?id=100085177954404","https:\/\/www.linkedin.com\/company\/inntechch\/","https:\/\/www.instagram.com\/_inn.tech_\/","https:\/\/www.youtube.com\/@Inn-TechUpSagl"]}]}},"_links":{"self":[{"href":"https:\/\/zeroedge.ch\/it\/wp-json\/wp\/v2\/pages\/31913","targetHints":{"allow":["GET"]}}],"collection":[{"href":"https:\/\/zeroedge.ch\/it\/wp-json\/wp\/v2\/pages"}],"about":[{"href":"https:\/\/zeroedge.ch\/it\/wp-json\/wp\/v2\/types\/page"}],"author":[{"embeddable":true,"href":"https:\/\/zeroedge.ch\/it\/wp-json\/wp\/v2\/users\/1"}],"replies":[{"embeddable":true,"href":"https:\/\/zeroedge.ch\/it\/wp-json\/wp\/v2\/comments?post=31913"}],"version-history":[{"count":10,"href":"https:\/\/zeroedge.ch\/it\/wp-json\/wp\/v2\/pages\/31913\/revisions"}],"predecessor-version":[{"id":33286,"href":"https:\/\/zeroedge.ch\/it\/wp-json\/wp\/v2\/pages\/31913\/revisions\/33286"}],"wp:attachment":[{"href":"https:\/\/zeroedge.ch\/it\/wp-json\/wp\/v2\/media?parent=31913"}],"curies":[{"name":"wp","href":"https:\/\/api.w.org\/{rel}","templated":true}]}}